{"id":2082,"date":"2020-07-27T13:39:41","date_gmt":"2020-07-27T11:39:41","guid":{"rendered":"https:\/\/trixie-io.imv.de\/?page_id=2082"},"modified":"2025-10-30T11:39:33","modified_gmt":"2025-10-30T10:39:33","slug":"kundenservice","status":"publish","type":"page","link":"https:\/\/trixie-io.imv.de\/de\/karriere\/kundenservice\/","title":{"rendered":"Arbeiten im Kundenservice"},"content":{"rendered":"<p><div class=\"fusion-fullwidth fullwidth-box fusion-builder-row-1 has-pattern-background has-mask-background fusion-parallax-none nonhundred-percent-fullwidth non-hundred-percent-height-scrolling lazyload stage-small\" style=\"--awb-border-radius-top-left:0px;--awb-border-radius-top-right:0px;--awb-border-radius-bottom-right:0px;--awb-border-radius-bottom-left:0px;--awb-padding-top:180px;--awb-padding-bottom:80px;--awb-background-size:cover;--awb-flex-wrap:wrap;\" data-bg=\"https:\/\/trixie-io.imv.de\/wp-content\/uploads\/2024\/05\/hg_arbeiten-im-kundenservice-min.jpg\" ><div class=\"fusion-builder-row fusion-row\"><div class=\"fusion-layout-column fusion_builder_column fusion-builder-column-0 fusion_builder_column_1_2 1_2 fusion-one-half fusion-column-first\" style=\"--awb-bg-size:cover;width:50%;width:calc(50% - ( ( 4% ) * 0.5 ) );margin-right: 4%;\"><div class=\"fusion-column-wrapper fusion-column-has-shadow fusion-flex-column-wrapper-legacy\"><div class=\"fusion-clearfix\"><\/div><\/div><\/div><div class=\"fusion-layout-column fusion_builder_column fusion-builder-column-1 fusion_builder_column_1_2 1_2 fusion-one-half fusion-column-last\" style=\"--awb-bg-size:cover;width:50%;width:calc(50% - ( ( 4% ) * 0.5 ) );\"><div class=\"fusion-column-wrapper fusion-column-has-shadow fusion-flex-column-wrapper-legacy\"><div class=\"fusion-title title fusion-title-1 fusion-sep-none fusion-title-text fusion-title-size-one yellow-arrow\"><h1 class=\"fusion-title-heading title-heading-left fusion-responsive-typography-calculated\" style=\"margin:0;--fontSize:50;line-height:1.36;\">Arbeiten im Kunden\u00adservice<\/h1><\/div><nav class=\"fusion-breadcrumbs awb-yoast-breadcrumbs fusion-breadcrumbs-1\" style=\"--awb-breadcrumb-sep:&#039;|&#039;;\" aria-label=\"Breadcrumb\"><ol class=\"awb-breadcrumb-list\"><li class=\"fusion-breadcrumb-item awb-breadcrumb-sep awb-home\" ><a href=\"https:\/\/trixie-io.imv.de\/de\/\" class=\"fusion-breadcrumb-link\"><span >Home<\/span><\/a><\/li><\/ol><\/nav><div class=\"fusion-clearfix\"><\/div><\/div><\/div><\/div><\/div><div class=\"fusion-fullwidth fullwidth-box fusion-builder-row-2 nonhundred-percent-fullwidth non-hundred-percent-height-scrolling pull-up mobile-fullwidth\" style=\"--awb-border-radius-top-left:0px;--awb-border-radius-top-right:0px;--awb-border-radius-bottom-right:0px;--awb-border-radius-bottom-left:0px;--awb-background-color:rgba(255,255,255,0);--awb-flex-wrap:wrap;\" ><div class=\"fusion-builder-row fusion-row\"><div class=\"fusion-layout-column fusion_builder_column fusion-builder-column-2 fusion_builder_column_5_6 5_6 fusion-five-sixth fusion-column-first col-padding\" style=\"--awb-bg-color:#ffffff;--awb-bg-color-hover:#ffffff;--awb-bg-size:cover;width:83.333333333333%;width:calc(83.333333333333% - ( ( 4% ) * 0.83333333333333 ) );margin-right: 4%;\"><div class=\"fusion-column-wrapper fusion-column-has-shadow fusion-flex-column-wrapper-legacy\"><div class=\"fusion-title title fusion-title-2 fusion-sep-none fusion-title-text fusion-title-size-two yellow-underline-short\"><h2 class=\"fusion-title-heading title-heading-left fusion-responsive-typography-calculated\" style=\"margin:0;--fontSize:38;line-height:1.35;\">Jobs f\u00fcr Kommu\u00adnikations\u00adprofis<\/h2><\/div><div class=\"fusion-builder-row fusion-builder-row-inner fusion-row\"><div class=\"fusion-layout-column fusion_builder_column_inner fusion-builder-nested-column-0 fusion_builder_column_inner_1_1 1_1 fusion-one-full fusion-column-first fusion-column-last\" style=\"--awb-bg-size:cover;\"><div class=\"fusion-column-wrapper fusion-column-has-shadow fusion-flex-column-wrapper-legacy\"><div class=\"fusion-text fusion-text-1\"><p>Werde Teil des Contipark-Teams und verst\u00e4rke unser KundenService\u00adCenter! Als direkte Ansprech\u00adperson f\u00fcr unsere Kundschaft suchen wir regelm\u00e4\u00dfig kommunikations\u00adstarke und serviceorientierte Mitarbeitende. Quereinsteigende sind dabei genauso willkommen wie Fachkr\u00e4fte. Wenn dir Kunden\u00adzufriedenheit genauso am Herzen liegt wie uns, dann schick uns jetzt deine Bewerbungs\u00adunterlagen!<\/p>\n<\/div><div class=\"fusion-clearfix\"><\/div><\/div><\/div><\/div><div class=\"fusion-title title fusion-title-3 fusion-sep-none fusion-title-text fusion-title-size-three\"><h3 class=\"fusion-title-heading title-heading-left fusion-responsive-typography-calculated\" style=\"margin:0;--fontSize:28;line-height:1.34;\">Vorteile<\/h3><\/div><div class=\"fusion-content-boxes content-boxes columns row fusion-columns-4 fusion-columns-total-4 fusion-content-boxes-1 content-boxes-icon-with-title content-left text-pos-bottom align-center content-boxes-2-2 fusion-delayed-animation\" style=\"--awb-backgroundcolor:#ffffff;--awb-body-color:#003871;--awb-title-color:#003871;--awb-iconcolor:#003871;--awb-hover-accent-color:#ffdc00;--awb-circle-hover-accent-color:transparent;\" data-animation-delay=\"250\" data-animationOffset=\"top-into-view\"><div style=\"--awb-backgroundcolor:#ffffff;--awb-iconcolor:#003871;\" class=\"fusion-column content-box-column content-box-column content-box-column-1 col-lg-3 col-md-3 col-sm-3 fusion-content-box-hover content-box-column-first-in-row\"><div class=\"col content-box-wrapper content-wrapper-background link-area-link-icon content-icon-wrapper-yes icon-hover-animation-none fusion-animated\" data-animationType=\"fadeInLeft\" data-animationDuration=\"2.5\" data-animationOffset=\"top-into-view\"><div class=\"heading heading-with-icon icon-left\"><div class=\"icon\" style=\"-webkit-animation-duration: 250ms;animation-duration: 250ms;\"><span ><i style=\"background-color:transparent;border-color:transparent;height:auto;width: 100px;line-height:normal;font-size:100px;\" aria-hidden=\"true\" class=\"fontawesome-icon icon-einarbeitung circle-no\"><\/i><\/span><\/div><\/div><div class=\"fusion-clearfix\"><\/div><div class=\"content-container\">\n<p>struktu\u00adrierte und umfas\u00adsende Ein\u00adarbeitung<\/p>\n<\/div><\/div><\/div><div style=\"--awb-backgroundcolor:#ffffff;--awb-iconcolor:#003871;\" class=\"fusion-column content-box-column content-box-column content-box-column-2 col-lg-3 col-md-3 col-sm-3 fusion-content-box-hover \"><div class=\"col content-box-wrapper content-wrapper-background link-area-link-icon content-icon-wrapper-yes icon-hover-animation-none fusion-animated\" data-animationType=\"fadeInLeft\" data-animationDuration=\"2.5\" data-animationOffset=\"top-into-view\"><div class=\"heading heading-with-icon icon-left\"><div class=\"icon\" style=\"-webkit-animation-duration: 250ms;animation-duration: 250ms;\"><span ><i style=\"background-color:transparent;border-color:transparent;height:auto;width: 100px;line-height:normal;font-size:100px;\" aria-hidden=\"true\" class=\"fontawesome-icon icon-arbeitsumfeld circle-no\"><\/i><\/span><\/div><\/div><div class=\"fusion-clearfix\"><\/div><div class=\"content-container\">\n<p>modernes Arbeits\u00adumfeld mit neuester Technik<\/p>\n<\/div><\/div><\/div><div style=\"--awb-backgroundcolor:#ffffff;--awb-iconcolor:#003871;\" class=\"fusion-column content-box-column content-box-column content-box-column-3 col-lg-3 col-md-3 col-sm-3 fusion-content-box-hover \"><div class=\"col content-box-wrapper content-wrapper-background link-area-link-icon content-icon-wrapper-yes icon-hover-animation-none fusion-animated\" data-animationType=\"fadeInLeft\" data-animationDuration=\"2.5\" data-animationOffset=\"top-into-view\"><div class=\"heading heading-with-icon icon-left\"><div class=\"icon\" style=\"-webkit-animation-duration: 250ms;animation-duration: 250ms;\"><span ><i style=\"background-color:transparent;border-color:transparent;height:auto;width: 100px;line-height:normal;font-size:100px;\" aria-hidden=\"true\" class=\"fontawesome-icon icon-flexible-arbeitsmodelle circle-no\"><\/i><\/span><\/div><\/div><div class=\"fusion-clearfix\"><\/div><div class=\"content-container\">\n<p>flexible Arbeits\u00admodelle<\/p>\n<\/div><\/div><\/div><div style=\"--awb-backgroundcolor:#ffffff;--awb-iconcolor:#003871;\" class=\"fusion-column content-box-column content-box-column content-box-column-4 col-lg-3 col-md-3 col-sm-3 fusion-content-box-hover content-box-column-last content-box-column-last-in-row\"><div class=\"col content-box-wrapper content-wrapper-background link-area-link-icon content-icon-wrapper-yes icon-hover-animation-none fusion-animated\" data-animationType=\"fadeInLeft\" data-animationDuration=\"2.5\" data-animationOffset=\"top-into-view\"><div class=\"heading heading-with-icon icon-left\"><div class=\"icon\" style=\"-webkit-animation-duration: 250ms;animation-duration: 250ms;\"><span ><i style=\"background-color:transparent;border-color:transparent;height:auto;width: 100px;line-height:normal;font-size:100px;\" aria-hidden=\"true\" class=\"fontawesome-icon icon-kommunikationskultur circle-no\"><\/i><\/span><\/div><\/div><div class=\"fusion-clearfix\"><\/div><div class=\"content-container\">\n<p>offene Kommu\u00adnikations\u00adkultur<\/p>\n<\/div><\/div><\/div><div class=\"fusion-clearfix\"><\/div><\/div><div class=\"fusion-clearfix\"><\/div><\/div><\/div><\/div><\/div><div class=\"fusion-fullwidth fullwidth-box fusion-builder-row-3 nonhundred-percent-fullwidth non-hundred-percent-height-scrolling blue-out-right pull-up\" style=\"--awb-border-radius-top-left:0px;--awb-border-radius-top-right:0px;--awb-border-radius-bottom-right:0px;--awb-border-radius-bottom-left:0px;--awb-margin-bottom:80px;--awb-background-color:rgba(255,255,255,0);--awb-flex-wrap:wrap;\" ><div class=\"fusion-builder-row fusion-row\"><div class=\"fusion-layout-column fusion_builder_column fusion-builder-column-3 fusion_builder_column_1_6 1_6 fusion-one-sixth fusion-column-first\" style=\"--awb-bg-size:cover;width:16.666666666667%;width:calc(16.666666666667% - ( ( 4% ) * 0.16666666666667 ) );margin-right: 4%;\"><div class=\"fusion-column-wrapper fusion-column-has-shadow fusion-flex-column-wrapper-legacy\"><div class=\"fusion-clearfix\"><\/div><\/div><\/div><div class=\"fusion-layout-column fusion_builder_column fusion-builder-column-4 fusion_builder_column_5_6 5_6 fusion-five-sixth fusion-column-last col-padding\" style=\"--awb-bg-size:cover;width:83.333333333333%;width:calc(83.333333333333% - ( ( 4% ) * 0.83333333333333 ) );\"><div class=\"fusion-column-wrapper lazyload fusion-column-has-shadow fusion-flex-column-wrapper-legacy fusion-column-has-bg-image\" data-bg-url=\"https:\/\/trixie-io.imv.de\/wp-content\/uploads\/2020\/08\/hg_referenz_parkhaus-undeutlich_schmal.jpg\" data-bg=\"https:\/\/trixie-io.imv.de\/wp-content\/uploads\/2020\/08\/hg_referenz_parkhaus-undeutlich_schmal.jpg\"><div class=\"fusion-title title fusion-title-4 fusion-sep-none fusion-title-text fusion-title-size-three text-color-white\"><h3 class=\"fusion-title-heading title-heading-left fusion-responsive-typography-calculated\" style=\"margin:0;--fontSize:28;line-height:1.34;\">Stellenangebote im Kundenservice<\/h3><\/div><div class=\"fusion-clearfix\"><\/div><\/div><\/div><\/div><\/div><div class=\"fusion-fullwidth fullwidth-box fusion-builder-row-4 nonhundred-percent-fullwidth non-hundred-percent-height-scrolling blue-out-right pull-up\" style=\"--awb-border-radius-top-left:0px;--awb-border-radius-top-right:0px;--awb-border-radius-bottom-right:0px;--awb-border-radius-bottom-left:0px;--awb-margin-bottom:80px;--awb-background-color:rgba(255,255,255,0);--awb-flex-wrap:wrap;\" ><div class=\"fusion-builder-row fusion-row\"><div class=\"fusion-layout-column fusion_builder_column fusion-builder-column-5 fusion_builder_column_1_6 1_6 fusion-one-sixth fusion-column-first\" style=\"--awb-bg-size:cover;width:16.666666666667%;width:calc(16.666666666667% - ( ( 4% ) * 0.16666666666667 ) );margin-right: 4%;\"><div class=\"fusion-column-wrapper fusion-column-has-shadow fusion-flex-column-wrapper-legacy\"><div class=\"fusion-clearfix\"><\/div><\/div><\/div><div class=\"fusion-layout-column fusion_builder_column fusion-builder-column-6 fusion_builder_column_5_6 5_6 fusion-five-sixth fusion-column-last col-padding\" style=\"--awb-bg-size:cover;width:83.333333333333%;width:calc(83.333333333333% - ( ( 4% ) * 0.83333333333333 ) );\"><div class=\"fusion-column-wrapper lazyload fusion-column-has-shadow fusion-flex-column-wrapper-legacy fusion-column-has-bg-image\" data-bg-url=\"https:\/\/trixie-io.imv.de\/wp-content\/uploads\/2020\/08\/hg_referenz_parkhaus-undeutlich_schmal.jpg\" data-bg=\"https:\/\/trixie-io.imv.de\/wp-content\/uploads\/2020\/08\/hg_referenz_parkhaus-undeutlich_schmal.jpg\"><div class=\"fusion-title title fusion-title-5 fusion-sep-none fusion-title-text fusion-title-size-three text-color-white\"><h3 class=\"fusion-title-heading title-heading-left fusion-responsive-typography-calculated\" style=\"margin:0;--fontSize:28;line-height:1.34;\"><div>Keine passende Stelle vorhanden?<\/div><\/h3><\/div><div class=\"fusion-text fusion-text-2 text-color-white\" style=\"--awb-text-color:#ffffff;\"><p style=\"text-align: left\">Gern kannst du uns auch eine Initiativbewerbung an bewerbung@contipark.de schicken.<\/p>\n<\/div><div class=\"fusion-clearfix\"><\/div><\/div><\/div><\/div><\/div>\n<\/p>\n","protected":false},"excerpt":{"rendered":"","protected":false},"author":9,"featured_media":0,"parent":20,"menu_order":0,"comment_status":"closed","ping_status":"closed","template":"100-width.php","meta":{"footnotes":""},"class_list":["post-2082","page","type-page","status-publish","hentry"],"yoast_head":"<!-- This site is optimized with the Yoast SEO plugin v26.7 - https:\/\/yoast.com\/wordpress\/plugins\/seo\/ -->\n<title>Arbeiten im Kunden\u00adservice<\/title>\n<meta name=\"description\" content=\"Werden Sie Teil der Contipark-Familie und verst\u00e4rken Sie unser KundenService\u00adCenter.\" \/>\n<meta name=\"robots\" content=\"index, follow, max-snippet:-1, max-image-preview:large, max-video-preview:-1\" \/>\n<link rel=\"canonical\" href=\"https:\/\/trixie-io.imv.de\/de\/karriere\/kundenservice\/\" \/>\n<meta property=\"og:locale\" content=\"de_DE\" \/>\n<meta property=\"og:type\" content=\"article\" \/>\n<meta property=\"og:title\" content=\"Arbeiten im Kunden\u00adservice\" \/>\n<meta property=\"og:description\" content=\"Werden Sie Teil der Contipark-Familie und verst\u00e4rken Sie unser KundenService\u00adCenter.\" \/>\n<meta property=\"og:url\" content=\"https:\/\/trixie-io.imv.de\/de\/karriere\/kundenservice\/\" \/>\n<meta property=\"og:site_name\" content=\"Contipark Deutschland\" \/>\n<meta property=\"article:publisher\" content=\"https:\/\/www.facebook.com\/contipark.de\" \/>\n<meta property=\"article:modified_time\" content=\"2025-10-30T10:39:33+00:00\" \/>\n<meta name=\"twitter:card\" content=\"summary_large_image\" \/>\n<meta name=\"twitter:site\" content=\"@contipark_de\" \/>\n<meta name=\"twitter:label1\" content=\"Gesch\u00e4tzte Lesezeit\" \/>\n\t<meta name=\"twitter:data1\" content=\"1\u00a0Minute\" \/>\n<script type=\"application\/ld+json\" class=\"yoast-schema-graph\">{\"@context\":\"https:\/\/schema.org\",\"@graph\":[{\"@type\":\"WebPage\",\"@id\":\"https:\/\/trixie-io.imv.de\/de\/karriere\/kundenservice\/\",\"url\":\"https:\/\/trixie-io.imv.de\/de\/karriere\/kundenservice\/\",\"name\":\"Arbeiten im Kunden\u00adservice\",\"isPartOf\":{\"@id\":\"https:\/\/trixie-io.imv.de\/de\/#website\"},\"datePublished\":\"2020-07-27T11:39:41+00:00\",\"dateModified\":\"2025-10-30T10:39:33+00:00\",\"description\":\"Werden Sie Teil der Contipark-Familie und verst\u00e4rken Sie unser KundenService\u00adCenter.\",\"breadcrumb\":{\"@id\":\"https:\/\/trixie-io.imv.de\/de\/karriere\/kundenservice\/#breadcrumb\"},\"inLanguage\":\"de\",\"potentialAction\":[{\"@type\":\"ReadAction\",\"target\":[\"https:\/\/trixie-io.imv.de\/de\/karriere\/kundenservice\/\"]}]},{\"@type\":\"BreadcrumbList\",\"@id\":\"https:\/\/trixie-io.imv.de\/de\/karriere\/kundenservice\/#breadcrumb\",\"itemListElement\":[{\"@type\":\"ListItem\",\"position\":1,\"name\":\"Startseite\",\"item\":\"https:\/\/trixie-io.imv.de\/de\/\"},{\"@type\":\"ListItem\",\"position\":2,\"name\":\"Karriere\",\"item\":\"https:\/\/trixie-io.imv.de\/de\/karriere\/\"},{\"@type\":\"ListItem\",\"position\":3,\"name\":\"Arbeiten im Kundenservice\"}]},{\"@type\":\"WebSite\",\"@id\":\"https:\/\/trixie-io.imv.de\/de\/#website\",\"url\":\"https:\/\/trixie-io.imv.de\/de\/\",\"name\":\"Contipark Deutschland\",\"description\":\"Interparking Group \u2013 Parken ist unser Business\",\"publisher\":{\"@id\":\"https:\/\/trixie-io.imv.de\/de\/#organization\"},\"potentialAction\":[{\"@type\":\"SearchAction\",\"target\":{\"@type\":\"EntryPoint\",\"urlTemplate\":\"https:\/\/trixie-io.imv.de\/de\/?s={search_term_string}\"},\"query-input\":{\"@type\":\"PropertyValueSpecification\",\"valueRequired\":true,\"valueName\":\"search_term_string\"}}],\"inLanguage\":\"de\"},{\"@type\":\"Organization\",\"@id\":\"https:\/\/trixie-io.imv.de\/de\/#organization\",\"name\":\"Contipark | Interparking Group\",\"url\":\"https:\/\/trixie-io.imv.de\/de\/\",\"logo\":{\"@type\":\"ImageObject\",\"inLanguage\":\"de\",\"@id\":\"https:\/\/trixie-io.imv.de\/de\/#\/schema\/logo\/image\/\",\"url\":\"https:\/\/trixie-io.imv.de\/wp-content\/uploads\/2020\/09\/contipark-logo-300x150-1.png\",\"contentUrl\":\"https:\/\/trixie-io.imv.de\/wp-content\/uploads\/2020\/09\/contipark-logo-300x150-1.png\",\"width\":300,\"height\":150,\"caption\":\"Contipark | Interparking Group\"},\"image\":{\"@id\":\"https:\/\/trixie-io.imv.de\/de\/#\/schema\/logo\/image\/\"},\"sameAs\":[\"https:\/\/www.facebook.com\/contipark.de\",\"https:\/\/x.com\/contipark_de\",\"https:\/\/www.instagram.com\/contipark.de\/\",\"https:\/\/www.linkedin.com\/company\/36715309\",\"https:\/\/www.youtube.com\/channel\/UCKBjvhpFRKqpMLutC7Rd3wQ\",\"https:\/\/de.wikipedia.org\/wiki\/Contipark_Parkgaragengesellschaft\"]}]}<\/script>\n<!-- \/ Yoast SEO plugin. -->","yoast_head_json":{"title":"Arbeiten im Kunden\u00adservice","description":"Werden Sie Teil der Contipark-Familie und verst\u00e4rken Sie unser KundenService\u00adCenter.","robots":{"index":"index","follow":"follow","max-snippet":"max-snippet:-1","max-image-preview":"max-image-preview:large","max-video-preview":"max-video-preview:-1"},"canonical":"https:\/\/trixie-io.imv.de\/de\/karriere\/kundenservice\/","og_locale":"de_DE","og_type":"article","og_title":"Arbeiten im Kunden\u00adservice","og_description":"Werden Sie Teil der Contipark-Familie und verst\u00e4rken Sie unser KundenService\u00adCenter.","og_url":"https:\/\/trixie-io.imv.de\/de\/karriere\/kundenservice\/","og_site_name":"Contipark Deutschland","article_publisher":"https:\/\/www.facebook.com\/contipark.de","article_modified_time":"2025-10-30T10:39:33+00:00","twitter_card":"summary_large_image","twitter_site":"@contipark_de","twitter_misc":{"Gesch\u00e4tzte Lesezeit":"1\u00a0Minute"},"schema":{"@context":"https:\/\/schema.org","@graph":[{"@type":"WebPage","@id":"https:\/\/trixie-io.imv.de\/de\/karriere\/kundenservice\/","url":"https:\/\/trixie-io.imv.de\/de\/karriere\/kundenservice\/","name":"Arbeiten im Kunden\u00adservice","isPartOf":{"@id":"https:\/\/trixie-io.imv.de\/de\/#website"},"datePublished":"2020-07-27T11:39:41+00:00","dateModified":"2025-10-30T10:39:33+00:00","description":"Werden Sie Teil der Contipark-Familie und verst\u00e4rken Sie unser KundenService\u00adCenter.","breadcrumb":{"@id":"https:\/\/trixie-io.imv.de\/de\/karriere\/kundenservice\/#breadcrumb"},"inLanguage":"de","potentialAction":[{"@type":"ReadAction","target":["https:\/\/trixie-io.imv.de\/de\/karriere\/kundenservice\/"]}]},{"@type":"BreadcrumbList","@id":"https:\/\/trixie-io.imv.de\/de\/karriere\/kundenservice\/#breadcrumb","itemListElement":[{"@type":"ListItem","position":1,"name":"Startseite","item":"https:\/\/trixie-io.imv.de\/de\/"},{"@type":"ListItem","position":2,"name":"Karriere","item":"https:\/\/trixie-io.imv.de\/de\/karriere\/"},{"@type":"ListItem","position":3,"name":"Arbeiten im Kundenservice"}]},{"@type":"WebSite","@id":"https:\/\/trixie-io.imv.de\/de\/#website","url":"https:\/\/trixie-io.imv.de\/de\/","name":"Contipark Deutschland","description":"Interparking Group \u2013 Parken ist unser Business","publisher":{"@id":"https:\/\/trixie-io.imv.de\/de\/#organization"},"potentialAction":[{"@type":"SearchAction","target":{"@type":"EntryPoint","urlTemplate":"https:\/\/trixie-io.imv.de\/de\/?s={search_term_string}"},"query-input":{"@type":"PropertyValueSpecification","valueRequired":true,"valueName":"search_term_string"}}],"inLanguage":"de"},{"@type":"Organization","@id":"https:\/\/trixie-io.imv.de\/de\/#organization","name":"Contipark | Interparking Group","url":"https:\/\/trixie-io.imv.de\/de\/","logo":{"@type":"ImageObject","inLanguage":"de","@id":"https:\/\/trixie-io.imv.de\/de\/#\/schema\/logo\/image\/","url":"https:\/\/trixie-io.imv.de\/wp-content\/uploads\/2020\/09\/contipark-logo-300x150-1.png","contentUrl":"https:\/\/trixie-io.imv.de\/wp-content\/uploads\/2020\/09\/contipark-logo-300x150-1.png","width":300,"height":150,"caption":"Contipark | Interparking Group"},"image":{"@id":"https:\/\/trixie-io.imv.de\/de\/#\/schema\/logo\/image\/"},"sameAs":["https:\/\/www.facebook.com\/contipark.de","https:\/\/x.com\/contipark_de","https:\/\/www.instagram.com\/contipark.de\/","https:\/\/www.linkedin.com\/company\/36715309","https:\/\/www.youtube.com\/channel\/UCKBjvhpFRKqpMLutC7Rd3wQ","https:\/\/de.wikipedia.org\/wiki\/Contipark_Parkgaragengesellschaft"]}]}},"_links":{"self":[{"href":"https:\/\/trixie-io.imv.de\/de\/wp-json\/wp\/v2\/pages\/2082","targetHints":{"allow":["GET"]}}],"collection":[{"href":"https:\/\/trixie-io.imv.de\/de\/wp-json\/wp\/v2\/pages"}],"about":[{"href":"https:\/\/trixie-io.imv.de\/de\/wp-json\/wp\/v2\/types\/page"}],"author":[{"embeddable":true,"href":"https:\/\/trixie-io.imv.de\/de\/wp-json\/wp\/v2\/users\/9"}],"replies":[{"embeddable":true,"href":"https:\/\/trixie-io.imv.de\/de\/wp-json\/wp\/v2\/comments?post=2082"}],"version-history":[{"count":66,"href":"https:\/\/trixie-io.imv.de\/de\/wp-json\/wp\/v2\/pages\/2082\/revisions"}],"predecessor-version":[{"id":10676,"href":"https:\/\/trixie-io.imv.de\/de\/wp-json\/wp\/v2\/pages\/2082\/revisions\/10676"}],"up":[{"embeddable":true,"href":"https:\/\/trixie-io.imv.de\/de\/wp-json\/wp\/v2\/pages\/20"}],"wp:attachment":[{"href":"https:\/\/trixie-io.imv.de\/de\/wp-json\/wp\/v2\/media?parent=2082"}],"curies":[{"name":"wp","href":"https:\/\/api.w.org\/{rel}","templated":true}]}}