{"id":1114,"date":"2020-07-15T09:19:33","date_gmt":"2020-07-15T07:19:33","guid":{"rendered":"https:\/\/trixie-io.imv.de\/?page_id=1114"},"modified":"2022-12-23T15:37:09","modified_gmt":"2022-12-23T14:37:09","slug":"interparking-gruppe","status":"publish","type":"page","link":"https:\/\/trixie-io.imv.de\/de\/unternehmen\/interparking-gruppe\/","title":{"rendered":"Interparking-Gruppe"},"content":{"rendered":"<p><div class=\"fusion-fullwidth fullwidth-box fusion-builder-row-1 fusion-parallax-none nonhundred-percent-fullwidth non-hundred-percent-height-scrolling lazyload stage-small\" style=\"--awb-border-radius-top-left:0px;--awb-border-radius-top-right:0px;--awb-border-radius-bottom-right:0px;--awb-border-radius-bottom-left:0px;--awb-padding-top:180px;--awb-padding-bottom:80px;--awb-background-size:cover;--awb-flex-wrap:wrap;\" data-bg=\"https:\/\/trixie-io.imv.de\/wp-content\/uploads\/2020\/08\/hg_titel_parkhaus-einfahrt.jpg\" ><div class=\"fusion-builder-row fusion-row\"><div class=\"fusion-layout-column fusion_builder_column fusion-builder-column-0 fusion_builder_column_1_2 1_2 fusion-one-half fusion-column-first\" style=\"--awb-bg-size:cover;width:50%;width:calc(50% - ( ( 4% ) * 0.5 ) );margin-right: 4%;\"><div class=\"fusion-column-wrapper fusion-column-has-shadow fusion-flex-column-wrapper-legacy\"><div class=\"fusion-clearfix\"><\/div><\/div><\/div><div class=\"fusion-layout-column fusion_builder_column fusion-builder-column-1 fusion_builder_column_1_2 1_2 fusion-one-half fusion-column-last\" style=\"--awb-bg-size:cover;width:50%;width:calc(50% - ( ( 4% ) * 0.5 ) );\"><div class=\"fusion-column-wrapper fusion-column-has-shadow fusion-flex-column-wrapper-legacy\"><div class=\"fusion-title title fusion-title-1 fusion-sep-none fusion-title-text fusion-title-size-one yellow-arrow\"><h1 class=\"fusion-title-heading title-heading-left fusion-responsive-typography-calculated\" style=\"margin:0;--fontSize:50;line-height:1.36;\">Interparking-Gruppe<\/h1><\/div><nav class=\"fusion-breadcrumbs awb-yoast-breadcrumbs fusion-breadcrumbs-1\" style=\"--awb-breadcrumb-sep:&#039;|&#039;;\" aria-label=\"Breadcrumb\"><ol class=\"awb-breadcrumb-list\"><li class=\"fusion-breadcrumb-item awb-breadcrumb-sep awb-home\" ><a href=\"https:\/\/trixie-io.imv.de\/de\/\" class=\"fusion-breadcrumb-link\"><span >Home<\/span><\/a><\/li><\/ol><\/nav><div class=\"fusion-clearfix\"><\/div><\/div><\/div><\/div><\/div><div class=\"fusion-fullwidth fullwidth-box fusion-builder-row-2 nonhundred-percent-fullwidth non-hundred-percent-height-scrolling pull-up mobile-fullwidth\" style=\"--awb-border-radius-top-left:0px;--awb-border-radius-top-right:0px;--awb-border-radius-bottom-right:0px;--awb-border-radius-bottom-left:0px;--awb-margin-bottom:80px;--awb-background-color:rgba(226,229,227,0);--awb-flex-wrap:wrap;\" ><div class=\"fusion-builder-row fusion-row\"><div class=\"fusion-layout-column fusion_builder_column fusion-builder-column-2 fusion_builder_column_5_6 5_6 fusion-five-sixth fusion-column-first col-padding white\" style=\"--awb-bg-color:#ffffff;--awb-bg-color-hover:#ffffff;--awb-bg-size:cover;width:83.333333333333%;width:calc(83.333333333333% - ( ( 4% ) * 0.83333333333333 ) );margin-right: 4%;\"><div class=\"fusion-column-wrapper fusion-column-has-shadow fusion-flex-column-wrapper-legacy\"><div class=\"fusion-title title fusion-title-2 fusion-sep-none fusion-title-text fusion-title-size-two yellow-underline-short\"><h2 class=\"fusion-title-heading title-heading-left fusion-responsive-typography-calculated\" style=\"margin:0;--fontSize:38;line-height:1.35;\">Inter\u00adnationale St\u00e4rke<\/h2><\/div><div class=\"fusion-text fusion-text-1\"><p>Contipark ist Teil der in Br\u00fcssel ans\u00e4ssigen Interparking-Gruppe, die zu den europ\u00e4ischen Branchenf\u00fchrern im Bereich der Parkraum\u00adbewirtschaftung geh\u00f6rt. Interparking ist gegenw\u00e4rtig in neun europ\u00e4ischen L\u00e4ndern t\u00e4tig: Belgien, Deutschland, \u00d6sterreich, Niederlande, Frankreich, Italien, Spanien, Polen und Rum\u00e4nien. Dort betreibt die Gruppe rund 1.000 Parkeinrichtungen mit mehr als 418.000 Stellpl\u00e4tzen.<\/p>\n<\/div><div class=\"fusion-clearfix\"><\/div><\/div><\/div><\/div><\/div><div class=\"fusion-fullwidth fullwidth-box fusion-builder-row-3 nonhundred-percent-fullwidth non-hundred-percent-height-scrolling white-out-left mobile-fullwidth\" style=\"--awb-border-radius-top-left:0px;--awb-border-radius-top-right:0px;--awb-border-radius-bottom-right:0px;--awb-border-radius-bottom-left:0px;--awb-background-color:rgba(255,255,255,0);--awb-flex-wrap:wrap;\" ><div class=\"fusion-builder-row fusion-row\"><div class=\"fusion-layout-column fusion_builder_column fusion-builder-column-3 fusion_builder_column_5_6 5_6 fusion-five-sixth fusion-column-first col-padding\" style=\"--awb-bg-color:#ffffff;--awb-bg-color-hover:#ffffff;--awb-bg-size:cover;width:83.333333333333%;width:calc(83.333333333333% - ( ( 4% ) * 0.83333333333333 ) );margin-right: 4%;\"><div class=\"fusion-column-wrapper fusion-column-has-shadow fusion-flex-column-wrapper-legacy\"><div class=\"fusion-title title fusion-title-3 fusion-sep-none fusion-title-text fusion-title-size-two yellow-underline-short\"><h2 class=\"fusion-title-heading title-heading-left fusion-responsive-typography-calculated\" style=\"margin:0;--fontSize:38;line-height:1.35;\">Inter\u00adparking \u2013 europaweit erfolgreich<\/h2><\/div><div class=\"fusion-builder-row fusion-builder-row-inner fusion-row\"><div class=\"fusion-layout-column fusion_builder_column_inner fusion-builder-nested-column-0 fusion_builder_column_inner_4_5 4_5 fusion-four-fifth fusion-column-first\" style=\"--awb-bg-size:cover;width:80%;width:calc(80% - ( ( 4% ) * 0.8 ) );margin-right: 4%;\"><div class=\"fusion-column-wrapper fusion-column-has-shadow fusion-flex-column-wrapper-legacy\"><div class=\"fusion-text fusion-text-2\"><p>Interparking schreibt seit 1958 Erfolgsgeschichte. Als Familien\u00adunternehmen von Claude De Clercq in Br\u00fcssel gegr\u00fcndet, hat der Konzern auch heute noch seinen Sitz im Herzen Europas.<\/p>\n<p>Die Haupteigent\u00fcmer von Interparking sind das belgische Versicherungs\u00adunternehmen AG Real Estate und die niederl\u00e4ndische Renten\u00adversicherungs\u00adgesellschaft APG. Die Familie De Clercq h\u00e4lt noch immer zehn Prozent der Anteile. Ihr Herzblut und ihre Expertise in Sachen \u201eParken\u201c erg\u00e4nzen die Finanzst\u00e4rke der beiden Hauptinvestoren ideal. Diese Shareholder\u00adstruktur versetzt Interparking in die Lage, nachhaltig und langfristig am Markt zu agieren.<\/p>\n<\/div><div class=\"fusion-clearfix\"><\/div><\/div><\/div><div class=\"fusion-layout-column fusion_builder_column_inner fusion-builder-nested-column-1 fusion_builder_column_inner_1_5 1_5 fusion-one-fifth fusion-column-last\" style=\"--awb-bg-size:cover;width:20%;width:calc(20% - ( ( 4% ) * 0.2 ) );\"><div class=\"fusion-column-wrapper fusion-column-has-shadow fusion-flex-column-wrapper-legacy\"><div class=\"fusion-clearfix\"><\/div><\/div><\/div><\/div><div class=\"fusion-clearfix\"><\/div><\/div><\/div><\/div><\/div><div class=\"fusion-fullwidth fullwidth-box fusion-builder-row-4 fusion-flex-container nonhundred-percent-fullwidth non-hundred-percent-height-scrolling pull-up\" style=\"--awb-border-radius-top-left:0px;--awb-border-radius-top-right:0px;--awb-border-radius-bottom-right:0px;--awb-border-radius-bottom-left:0px;--awb-background-color:rgba(226,229,227,0);--awb-flex-wrap:wrap;\" ><div class=\"fusion-builder-row fusion-row fusion-flex-align-items-stretch fusion-flex-content-wrap\" style=\"max-width:1310.4px;margin-left: calc(-4% \/ 2 );margin-right: calc(-4% \/ 2 );\"><div class=\"fusion-layout-column fusion_builder_column fusion-builder-column-4 fusion_builder_column_1_5 1_5 fusion-flex-column fusion-no-small-visibility\" style=\"--awb-bg-size:cover;--awb-width-large:20%;--awb-margin-top-large:0px;--awb-spacing-right-large:9.6%;--awb-margin-bottom-large:20px;--awb-spacing-left-large:9.6%;--awb-width-medium:100%;--awb-order-medium:0;--awb-spacing-right-medium:1.92%;--awb-spacing-left-medium:1.92%;--awb-width-small:100%;--awb-order-small:0;--awb-spacing-right-small:1.92%;--awb-spacing-left-small:1.92%;\"><div class=\"fusion-column-wrapper fusion-column-has-shadow fusion-flex-justify-content-flex-start fusion-content-layout-column\"><\/div><\/div><div class=\"fusion-layout-column fusion_builder_column fusion-builder-column-5 fusion_builder_column_4_5 4_5 fusion-flex-column\" style=\"--awb-bg-size:cover;--awb-width-large:80%;--awb-margin-top-large:0px;--awb-spacing-right-large:2.4%;--awb-margin-bottom-large:20px;--awb-spacing-left-large:2.4%;--awb-width-medium:100%;--awb-spacing-right-medium:1.92%;--awb-spacing-left-medium:1.92%;--awb-width-small:100%;--awb-spacing-right-small:1.92%;--awb-spacing-left-small:1.92%;\"><div class=\"fusion-column-wrapper fusion-column-has-shadow fusion-flex-justify-content-flex-start fusion-content-layout-column\"><div class=\"fusion-content-boxes content-boxes columns row fusion-columns-4 fusion-columns-total-4 fusion-content-boxes-1 content-boxes-icon-with-title content-left text-pos-bottom align-center fusion-delayed-animation\" style=\"--awb-hover-accent-color:#ffdc00;--awb-circle-hover-accent-color:transparent;\" data-animation-delay=\"250\" data-animationOffset=\"top-into-view\"><div style=\"--awb-backgroundcolor:#003871;--awb-iconcolor:#ffffff;\" class=\"fusion-column content-box-column content-box-column content-box-column-1 col-lg-3 col-md-3 col-sm-3 fusion-content-box-hover content-box-column-first-in-row\"><div class=\"col content-box-wrapper content-wrapper-background link-area-link-icon content-icon-wrapper-yes icon-hover-animation-none fusion-animated\" data-animationType=\"fadeInLeft\" data-animationDuration=\"2.5\" data-animationOffset=\"top-into-view\"><div class=\"heading heading-with-icon icon-left\"><div class=\"icon\" style=\"-webkit-animation-duration: 250ms;animation-duration: 250ms;\"><span ><i style=\"background-color:transparent;border-color:transparent;height:auto;width: 80px;line-height:normal;font-size:80px;\" aria-hidden=\"true\" class=\"fontawesome-icon icon-laender circle-no\"><\/i><\/span><\/div><\/div><div class=\"fusion-clearfix\"><\/div><div class=\"content-container\">\n<p>in neun L\u00e4ndern<\/p>\n<\/div><\/div><\/div><div style=\"--awb-backgroundcolor:#003871;\" class=\"fusion-column content-box-column content-box-column content-box-column-2 col-lg-3 col-md-3 col-sm-3 fusion-content-box-hover \"><div class=\"col content-box-wrapper content-wrapper-background link-area-link-icon content-icon-wrapper-yes icon-hover-animation-none fusion-animated\" data-animationType=\"fadeInLeft\" data-animationDuration=\"2.5\" data-animationOffset=\"top-into-view\"><div class=\"heading heading-with-icon icon-left\"><div class=\"icon\" style=\"-webkit-animation-duration: 250ms;animation-duration: 250ms;\"><span ><i style=\"background-color:transparent;border-color:transparent;height:auto;width: 80px;line-height:normal;font-size:80px;\" aria-hidden=\"true\" class=\"fontawesome-icon icon-staedte circle-no\"><\/i><\/span><\/div><\/div><div class=\"fusion-clearfix\"><\/div><div class=\"content-container\">\n<p>in \u00fcber 400 St\u00e4dten<\/p>\n<\/div><\/div><\/div><div style=\"--awb-backgroundcolor:#003871;\" class=\"fusion-column content-box-column content-box-column content-box-column-3 col-lg-3 col-md-3 col-sm-3 fusion-content-box-hover \"><div class=\"col content-box-wrapper content-wrapper-background link-area-link-icon content-icon-wrapper-yes icon-hover-animation-none fusion-animated\" data-animationType=\"fadeInLeft\" data-animationDuration=\"2.5\" data-animationOffset=\"top-into-view\"><div class=\"heading heading-with-icon icon-left\"><div class=\"icon\" style=\"-webkit-animation-duration: 250ms;animation-duration: 250ms;\"><span ><i style=\"background-color:transparent;border-color:transparent;height:auto;width: 80px;line-height:normal;font-size:80px;\" aria-hidden=\"true\" class=\"fontawesome-icon icon-mitarbeiter circle-no\"><\/i><\/span><\/div><\/div><div class=\"fusion-clearfix\"><\/div><div class=\"content-container\">\n<p>mehr als 2.500 Mitarbeiter<\/p>\n<\/div><\/div><\/div><div style=\"--awb-backgroundcolor:#003871;\" class=\"fusion-column content-box-column content-box-column content-box-column-4 col-lg-3 col-md-3 col-sm-3 fusion-content-box-hover content-box-column-last content-box-column-last-in-row\"><div class=\"col content-box-wrapper content-wrapper-background link-area-link-icon content-icon-wrapper-yes icon-hover-animation-none fusion-animated\" data-animationType=\"fadeInLeft\" data-animationDuration=\"2.5\" data-animationOffset=\"top-into-view\"><div class=\"heading heading-with-icon icon-left\"><div class=\"icon\" style=\"-webkit-animation-duration: 250ms;animation-duration: 250ms;\"><span ><i style=\"background-color:transparent;border-color:transparent;height:auto;width: 80px;line-height:normal;font-size:80px;\" aria-hidden=\"true\" class=\"fontawesome-icon icon-parkplatz circle-no\"><\/i><\/span><\/div><\/div><div class=\"fusion-clearfix\"><\/div><div class=\"content-container\">\n<p>rund 1.000 Parkein\u00adrichtungen<\/p>\n<\/div><\/div><\/div><div class=\"fusion-clearfix\"><\/div><\/div><\/div><\/div><\/div><\/div><div class=\"fusion-fullwidth fullwidth-box fusion-builder-row-5 has-pattern-background has-mask-background fusion-parallax-none nonhundred-percent-fullwidth non-hundred-percent-height-scrolling lazyload\" style=\"--link_hover_color: var(--awb-color4);--link_color: var(--awb-color1);--awb-border-radius-top-left:0px;--awb-border-radius-top-right:0px;--awb-border-radius-bottom-right:0px;--awb-border-radius-bottom-left:0px;--awb-background-size:cover;--awb-flex-wrap:wrap;\" data-bg=\"https:\/\/trixie-io.imv.de\/wp-content\/uploads\/2020\/08\/hg_titel_notebook-unternehmen-1.jpg\" ><div class=\"fusion-builder-row fusion-row\"><div class=\"fusion-layout-column fusion_builder_column fusion-builder-column-6 fusion_builder_column_1_1 1_1 fusion-one-full fusion-column-first fusion-column-last\" style=\"--awb-bg-size:cover;\"><div class=\"fusion-column-wrapper fusion-column-has-shadow fusion-flex-column-wrapper-legacy\"><div class=\"fusion-builder-row fusion-builder-row-inner fusion-row\"><div class=\"fusion-layout-column fusion_builder_column_inner fusion-builder-nested-column-2 fusion_builder_column_inner_1_2 1_2 fusion-one-half fusion-column-first\" style=\"--awb-bg-size:cover;width:50%;width:calc(50% - ( ( 4% ) * 0.5 ) );margin-right: 4%;\"><div class=\"fusion-column-wrapper fusion-column-has-shadow fusion-flex-column-wrapper-legacy\"><div class=\"fusion-clearfix\"><\/div><\/div><\/div><div class=\"fusion-layout-column fusion_builder_column_inner fusion-builder-nested-column-3 fusion_builder_column_inner_1_2 1_2 fusion-one-half fusion-column-last col-nested-padding\" style=\"--awb-bg-size:cover;width:50%;width:calc(50% - ( ( 4% ) * 0.5 ) );\"><div class=\"fusion-column-wrapper fusion-column-has-shadow fusion-flex-column-wrapper-legacy\"><div class=\"fusion-title title fusion-title-4 fusion-sep-none fusion-title-text fusion-title-size-two yellow-arrow text-color-white\"><h2 class=\"fusion-title-heading title-heading-left fusion-responsive-typography-calculated\" style=\"margin:0;--fontSize:38;line-height:1.35;\">Erfolg durch Exper\u00adtise und Leiden\u00adschaft<\/h2><\/div><div class=\"fusion-text fusion-text-3 text-color-white\"><p>Contipark ist Experte in Sachen Parken \u2013 seit mehr als 50 Jahren.<\/p>\n<\/div><div class=\"fusion-button-wrapper\"><a class=\"fusion-button button-flat fusion-button-default-size button-scheme-5 fusion-button-scheme-5 button-1 fusion-button-default-span fusion-button-default-type\" style=\"--button_accent_color:#ffffff;--button_border_color:#ffffff;--button_accent_hover_color:#003871;--button_border_hover_color:#ffffff;--button_gradient_top_color:rgba(255,220,0,0);--button_gradient_bottom_color:rgba(255,220,0,0);--button_gradient_top_color_hover:#ffdc00;--button_gradient_bottom_color_hover:#ffdc00;\" target=\"_self\" title=\"Weitere Informationen zu Contipark\" aria-label=\"Weitere Informationen zu Contipark\" href=\"https:\/\/trixie-io.imv.de\/de\/unternehmen\/\"><span class=\"fusion-button-text awb-button__text awb-button__text--default\">zum Unternehmen<\/span><\/a><\/div><div class=\"fusion-clearfix\"><\/div><\/div><\/div><\/div><div class=\"fusion-clearfix\"><\/div><\/div><\/div><\/div><\/div><\/p>\n","protected":false},"excerpt":{"rendered":"","protected":false},"author":1,"featured_media":0,"parent":18,"menu_order":0,"comment_status":"closed","ping_status":"closed","template":"100-width.php","meta":{"footnotes":""},"class_list":["post-1114","page","type-page","status-publish","hentry"],"yoast_head":"<!-- This site is optimized with the Yoast SEO plugin v26.7 - https:\/\/yoast.com\/wordpress\/plugins\/seo\/ -->\n<title>Internationale St\u00e4rke in der Interparking-Gruppe<\/title>\n<meta name=\"description\" content=\"Contipark ist Teil der Interparking-Gruppe und profitiert von \u00fcber 60 Jahren Erfahrung auf dem europ\u00e4ischen Parkmarkt.\" \/>\n<meta name=\"robots\" content=\"index, follow, max-snippet:-1, max-image-preview:large, max-video-preview:-1\" \/>\n<link rel=\"canonical\" href=\"https:\/\/trixie-io.imv.de\/de\/unternehmen\/interparking-gruppe\/\" \/>\n<meta property=\"og:locale\" content=\"de_DE\" \/>\n<meta property=\"og:type\" content=\"article\" \/>\n<meta property=\"og:title\" content=\"Internationale St\u00e4rke in der Interparking-Gruppe\" \/>\n<meta property=\"og:description\" content=\"Contipark ist Teil der Interparking-Gruppe und profitiert von \u00fcber 60 Jahren Erfahrung auf dem europ\u00e4ischen Parkmarkt.\" \/>\n<meta property=\"og:url\" content=\"https:\/\/trixie-io.imv.de\/de\/unternehmen\/interparking-gruppe\/\" \/>\n<meta property=\"og:site_name\" content=\"Contipark Deutschland\" \/>\n<meta property=\"article:publisher\" content=\"https:\/\/www.facebook.com\/contipark.de\" \/>\n<meta property=\"article:modified_time\" content=\"2022-12-23T14:37:09+00:00\" \/>\n<meta name=\"twitter:card\" content=\"summary_large_image\" \/>\n<meta name=\"twitter:site\" content=\"@contipark_de\" \/>\n<meta name=\"twitter:label1\" content=\"Gesch\u00e4tzte Lesezeit\" \/>\n\t<meta name=\"twitter:data1\" content=\"14\u00a0Minuten\" \/>\n<script type=\"application\/ld+json\" class=\"yoast-schema-graph\">{\"@context\":\"https:\/\/schema.org\",\"@graph\":[{\"@type\":\"WebPage\",\"@id\":\"https:\/\/trixie-io.imv.de\/de\/unternehmen\/interparking-gruppe\/\",\"url\":\"https:\/\/trixie-io.imv.de\/de\/unternehmen\/interparking-gruppe\/\",\"name\":\"Internationale St\u00e4rke in der Interparking-Gruppe\",\"isPartOf\":{\"@id\":\"https:\/\/trixie-io.imv.de\/de\/#website\"},\"datePublished\":\"2020-07-15T07:19:33+00:00\",\"dateModified\":\"2022-12-23T14:37:09+00:00\",\"description\":\"Contipark ist Teil der Interparking-Gruppe und profitiert von \u00fcber 60 Jahren Erfahrung auf dem europ\u00e4ischen Parkmarkt.\",\"breadcrumb\":{\"@id\":\"https:\/\/trixie-io.imv.de\/de\/unternehmen\/interparking-gruppe\/#breadcrumb\"},\"inLanguage\":\"de\",\"potentialAction\":[{\"@type\":\"ReadAction\",\"target\":[\"https:\/\/trixie-io.imv.de\/de\/unternehmen\/interparking-gruppe\/\"]}]},{\"@type\":\"BreadcrumbList\",\"@id\":\"https:\/\/trixie-io.imv.de\/de\/unternehmen\/interparking-gruppe\/#breadcrumb\",\"itemListElement\":[{\"@type\":\"ListItem\",\"position\":1,\"name\":\"Startseite\",\"item\":\"https:\/\/trixie-io.imv.de\/de\/\"},{\"@type\":\"ListItem\",\"position\":2,\"name\":\"Unternehmen\",\"item\":\"https:\/\/trixie-io.imv.de\/de\/unternehmen\/\"},{\"@type\":\"ListItem\",\"position\":3,\"name\":\"Interparking-Gruppe\"}]},{\"@type\":\"WebSite\",\"@id\":\"https:\/\/trixie-io.imv.de\/de\/#website\",\"url\":\"https:\/\/trixie-io.imv.de\/de\/\",\"name\":\"Contipark Deutschland\",\"description\":\"Interparking Group \u2013 Parken ist unser Business\",\"publisher\":{\"@id\":\"https:\/\/trixie-io.imv.de\/de\/#organization\"},\"potentialAction\":[{\"@type\":\"SearchAction\",\"target\":{\"@type\":\"EntryPoint\",\"urlTemplate\":\"https:\/\/trixie-io.imv.de\/de\/?s={search_term_string}\"},\"query-input\":{\"@type\":\"PropertyValueSpecification\",\"valueRequired\":true,\"valueName\":\"search_term_string\"}}],\"inLanguage\":\"de\"},{\"@type\":\"Organization\",\"@id\":\"https:\/\/trixie-io.imv.de\/de\/#organization\",\"name\":\"Contipark | Interparking Group\",\"url\":\"https:\/\/trixie-io.imv.de\/de\/\",\"logo\":{\"@type\":\"ImageObject\",\"inLanguage\":\"de\",\"@id\":\"https:\/\/trixie-io.imv.de\/de\/#\/schema\/logo\/image\/\",\"url\":\"https:\/\/trixie-io.imv.de\/wp-content\/uploads\/2020\/09\/contipark-logo-300x150-1.png\",\"contentUrl\":\"https:\/\/trixie-io.imv.de\/wp-content\/uploads\/2020\/09\/contipark-logo-300x150-1.png\",\"width\":300,\"height\":150,\"caption\":\"Contipark | Interparking Group\"},\"image\":{\"@id\":\"https:\/\/trixie-io.imv.de\/de\/#\/schema\/logo\/image\/\"},\"sameAs\":[\"https:\/\/www.facebook.com\/contipark.de\",\"https:\/\/x.com\/contipark_de\",\"https:\/\/www.instagram.com\/contipark.de\/\",\"https:\/\/www.linkedin.com\/company\/36715309\",\"https:\/\/www.youtube.com\/channel\/UCKBjvhpFRKqpMLutC7Rd3wQ\",\"https:\/\/de.wikipedia.org\/wiki\/Contipark_Parkgaragengesellschaft\"]}]}<\/script>\n<!-- \/ Yoast SEO plugin. -->","yoast_head_json":{"title":"Internationale St\u00e4rke in der Interparking-Gruppe","description":"Contipark ist Teil der Interparking-Gruppe und profitiert von \u00fcber 60 Jahren Erfahrung auf dem europ\u00e4ischen Parkmarkt.","robots":{"index":"index","follow":"follow","max-snippet":"max-snippet:-1","max-image-preview":"max-image-preview:large","max-video-preview":"max-video-preview:-1"},"canonical":"https:\/\/trixie-io.imv.de\/de\/unternehmen\/interparking-gruppe\/","og_locale":"de_DE","og_type":"article","og_title":"Internationale St\u00e4rke in der Interparking-Gruppe","og_description":"Contipark ist Teil der Interparking-Gruppe und profitiert von \u00fcber 60 Jahren Erfahrung auf dem europ\u00e4ischen Parkmarkt.","og_url":"https:\/\/trixie-io.imv.de\/de\/unternehmen\/interparking-gruppe\/","og_site_name":"Contipark Deutschland","article_publisher":"https:\/\/www.facebook.com\/contipark.de","article_modified_time":"2022-12-23T14:37:09+00:00","twitter_card":"summary_large_image","twitter_site":"@contipark_de","twitter_misc":{"Gesch\u00e4tzte Lesezeit":"14\u00a0Minuten"},"schema":{"@context":"https:\/\/schema.org","@graph":[{"@type":"WebPage","@id":"https:\/\/trixie-io.imv.de\/de\/unternehmen\/interparking-gruppe\/","url":"https:\/\/trixie-io.imv.de\/de\/unternehmen\/interparking-gruppe\/","name":"Internationale St\u00e4rke in der Interparking-Gruppe","isPartOf":{"@id":"https:\/\/trixie-io.imv.de\/de\/#website"},"datePublished":"2020-07-15T07:19:33+00:00","dateModified":"2022-12-23T14:37:09+00:00","description":"Contipark ist Teil der Interparking-Gruppe und profitiert von \u00fcber 60 Jahren Erfahrung auf dem europ\u00e4ischen Parkmarkt.","breadcrumb":{"@id":"https:\/\/trixie-io.imv.de\/de\/unternehmen\/interparking-gruppe\/#breadcrumb"},"inLanguage":"de","potentialAction":[{"@type":"ReadAction","target":["https:\/\/trixie-io.imv.de\/de\/unternehmen\/interparking-gruppe\/"]}]},{"@type":"BreadcrumbList","@id":"https:\/\/trixie-io.imv.de\/de\/unternehmen\/interparking-gruppe\/#breadcrumb","itemListElement":[{"@type":"ListItem","position":1,"name":"Startseite","item":"https:\/\/trixie-io.imv.de\/de\/"},{"@type":"ListItem","position":2,"name":"Unternehmen","item":"https:\/\/trixie-io.imv.de\/de\/unternehmen\/"},{"@type":"ListItem","position":3,"name":"Interparking-Gruppe"}]},{"@type":"WebSite","@id":"https:\/\/trixie-io.imv.de\/de\/#website","url":"https:\/\/trixie-io.imv.de\/de\/","name":"Contipark Deutschland","description":"Interparking Group \u2013 Parken ist unser Business","publisher":{"@id":"https:\/\/trixie-io.imv.de\/de\/#organization"},"potentialAction":[{"@type":"SearchAction","target":{"@type":"EntryPoint","urlTemplate":"https:\/\/trixie-io.imv.de\/de\/?s={search_term_string}"},"query-input":{"@type":"PropertyValueSpecification","valueRequired":true,"valueName":"search_term_string"}}],"inLanguage":"de"},{"@type":"Organization","@id":"https:\/\/trixie-io.imv.de\/de\/#organization","name":"Contipark | Interparking Group","url":"https:\/\/trixie-io.imv.de\/de\/","logo":{"@type":"ImageObject","inLanguage":"de","@id":"https:\/\/trixie-io.imv.de\/de\/#\/schema\/logo\/image\/","url":"https:\/\/trixie-io.imv.de\/wp-content\/uploads\/2020\/09\/contipark-logo-300x150-1.png","contentUrl":"https:\/\/trixie-io.imv.de\/wp-content\/uploads\/2020\/09\/contipark-logo-300x150-1.png","width":300,"height":150,"caption":"Contipark | Interparking Group"},"image":{"@id":"https:\/\/trixie-io.imv.de\/de\/#\/schema\/logo\/image\/"},"sameAs":["https:\/\/www.facebook.com\/contipark.de","https:\/\/x.com\/contipark_de","https:\/\/www.instagram.com\/contipark.de\/","https:\/\/www.linkedin.com\/company\/36715309","https:\/\/www.youtube.com\/channel\/UCKBjvhpFRKqpMLutC7Rd3wQ","https:\/\/de.wikipedia.org\/wiki\/Contipark_Parkgaragengesellschaft"]}]}},"_links":{"self":[{"href":"https:\/\/trixie-io.imv.de\/de\/wp-json\/wp\/v2\/pages\/1114","targetHints":{"allow":["GET"]}}],"collection":[{"href":"https:\/\/trixie-io.imv.de\/de\/wp-json\/wp\/v2\/pages"}],"about":[{"href":"https:\/\/trixie-io.imv.de\/de\/wp-json\/wp\/v2\/types\/page"}],"author":[{"embeddable":true,"href":"https:\/\/trixie-io.imv.de\/de\/wp-json\/wp\/v2\/users\/1"}],"replies":[{"embeddable":true,"href":"https:\/\/trixie-io.imv.de\/de\/wp-json\/wp\/v2\/comments?post=1114"}],"version-history":[{"count":31,"href":"https:\/\/trixie-io.imv.de\/de\/wp-json\/wp\/v2\/pages\/1114\/revisions"}],"predecessor-version":[{"id":8579,"href":"https:\/\/trixie-io.imv.de\/de\/wp-json\/wp\/v2\/pages\/1114\/revisions\/8579"}],"up":[{"embeddable":true,"href":"https:\/\/trixie-io.imv.de\/de\/wp-json\/wp\/v2\/pages\/18"}],"wp:attachment":[{"href":"https:\/\/trixie-io.imv.de\/de\/wp-json\/wp\/v2\/media?parent=1114"}],"curies":[{"name":"wp","href":"https:\/\/api.w.org\/{rel}","templated":true}]}}